{"id":14342,"date":"2023-04-19T19:24:13","date_gmt":"2023-04-19T17:24:13","guid":{"rendered":"https:\/\/dev.mesdelicesbrioches.fr\/?page_id=14342"},"modified":"2024-06-24T16:42:16","modified_gmt":"2024-06-24T14:42:16","slug":"nos-gourmandises","status":"publish","type":"page","link":"https:\/\/mesdelicesbrioches.fr\/en\/nos-gourmandises\/","title":{"rendered":"Our delicacies"},"content":{"rendered":"<div data-elementor-type=\"wp-page\" data-elementor-id=\"14342\" class=\"elementor elementor-14342\" data-elementor-post-type=\"page\">\n\t\t\t\t\t\t<section class=\"elementor-section elementor-top-section elementor-element elementor-element-ca0c8df elementor-section-boxed elementor-section-height-default elementor-section-height-default elementor-invisible\" data-id=\"ca0c8df\" data-element_type=\"section\" data-e-type=\"section\" data-settings=\"{&quot;animation&quot;:&quot;fadeInUp&quot;}\">\n\t\t\t\t\t\t<div class=\"elementor-container elementor-column-gap-default\">\n\t\t\t\t\t<div class=\"elementor-column elementor-col-100 elementor-top-column elementor-element elementor-element-8f38526\" data-id=\"8f38526\" data-element_type=\"column\" data-e-type=\"column\">\n\t\t\t<div class=\"elementor-widget-wrap elementor-element-populated\">\n\t\t\t\t\t\t<div class=\"elementor-element elementor-element-7f7071f wittr_pfilter_menu--align-center wittr_pfilter_menu--align-center elementor-widget elementor-widget-witr_product_section\" data-id=\"7f7071f\" data-element_type=\"widget\" data-e-type=\"widget\" data-widget_type=\"witr_product_section.default\">\n\t\t\t\t<div class=\"elementor-widget-container\">\n\t\t\t\t\t\t\t\t\r\n\t\t\t\t\t<section class=\"twr_woo_area\">\r\n\t\t\t\t\t<div class=\"woocommerce\">\r\n\t\t\t\t\t\r\n\t\t\t\t\t<div class=\"row\">\r\n\t\t\t\t\t\t<div class=\"col-sm-12\">\r\n\t\t\t\t\t\t\t<div class=\"product_tl_nav\">\r\n\t\t\t\t\t\t\t\t<ul class=\"witrp_filter\" id=\"witrp_filter\">\r\n\t\t\t\t\t\t\t\t\t<li class=\"ema_product_item\" data-filter=\"*\" >Our pastries<\/li>\r\n\t\t\t\t\t\t\t\t\t\r\n\t\t\t\t\t\t\t\t\t\t<li data-filter=\".brioches\" >Brioches<\/li><li data-filter=\".gamme-bio\" >Organic offer<\/li><li data-filter=\".gamme-festive\" >Festive selection<\/li>\t\r\n\t\t\t\t\t\t\t\t<\/ul>\r\n\t\t\t\t\t\t\t<\/div>\r\n\t\t\t\t\t\t<\/div>\r\n\t\t\t\t\t<\/div>\r\n\t\t\t\t\t\r\n\t\t\t\t\t\r\n\t\t\t\t\t\r\n\r\n\t\t\t\t\t<div class=\"row\" id=\"em_load_product\">\r\n\t\t\t\t\t\t\t\t\t\t\t\t\r\n\t\t\t\t\t\t<div class=\"eproduct_item product col-xl-3 col-lg-4 col-md-6  brioches\">\r\n\t\t\t\t\t\t<!-- product item --> \t \t\t\t\r\n\t\t\t\t\t\t\t<div class=\"tbd_product\">\r\n\t\t\t\t\t\t\t\t<div class=\"tbd_product_inner\">\r\n\t\t\t\t\t\t\t\t\t<!-- image --> \r\n\t\t\t\t\t\t\t\t\t<!-- sale -->\r\n\t\t\t\t\t\t\t\t\t<div class=\"tbd_product_thumb\">\t\t\t\t\t\t\t\r\n\t\t\t\t\t\t\t\t\t\t<div class=\"tbd_sale_price\"> \r\n\t\t\t\t\t\t\t\t\t\t\t\t\t\t\t\t\t\t\t\t\t<\/div>\r\n\t\t\t\t\t\t\t\t\t\t<a href=\"https:\/\/mesdelicesbrioches.fr\/en\/nos-gourmandises\/pogne-de-romans\/\" class=\"thumbnail_link\"><img fetchpriority=\"high\" decoding=\"async\" width=\"500\" height=\"500\" src=\"https:\/\/mesdelicesbrioches.fr\/wp-content\/uploads\/2023\/04\/pogne-emballee-1.webp\" class=\"attachment-post-thumbnail size-post-thumbnail wp-post-image\" alt=\"Photo de notre Pogne de Romans emball\u00e9e, une d\u00e9licieuse brioche traditionnelle.\" srcset=\"https:\/\/mesdelicesbrioches.fr\/wp-content\/uploads\/2023\/04\/pogne-emballee-1.webp 500w, https:\/\/mesdelicesbrioches.fr\/wp-content\/uploads\/2023\/04\/pogne-emballee-1-300x300.webp 300w, https:\/\/mesdelicesbrioches.fr\/wp-content\/uploads\/2023\/04\/pogne-emballee-1-150x150.webp 150w, https:\/\/mesdelicesbrioches.fr\/wp-content\/uploads\/2023\/04\/pogne-emballee-1-450x450.webp 450w, https:\/\/mesdelicesbrioches.fr\/wp-content\/uploads\/2023\/04\/pogne-emballee-1-106x106.webp 106w, https:\/\/mesdelicesbrioches.fr\/wp-content\/uploads\/2023\/04\/pogne-emballee-1-70x70.webp 70w, https:\/\/mesdelicesbrioches.fr\/wp-content\/uploads\/2023\/04\/pogne-emballee-1-100x100.webp 100w\" sizes=\"(max-width: 500px) 100vw, 500px\" title=\"Pogne de Romans emball\u00e9e - Brioche traditionnelle\" \/><\/a>\t\t\t\t\t\r\n\t\t\t\t\t\t\t\t\t\t\t\r\n\t\t\t\t\t\t\t\t\t<\/div>\r\n\t\t\t\t\t\t\t\t<\/div>\r\n\t\t\t\t\t\t\t\t<!-- title and meta -->\r\n\t\t\t\t\t\t\t\t<div class=\"tbd_product_content\">\r\n\t\t\t\t\t\t\t\t\t<div class=\"tbd_product_content_inner\">\r\n\t\t\t\t\t\t\t\t\t\t<div class=\"tbd_product_title tbd_fload_right\">\r\n\t\t\t\t\t\t\t\t\t\t\r\n\t\t\t\t\t\t\t\t\t\t<a class=\"woocommerce-LoopProduct-link woocommerce-loop-product__link\" href=\"https:\/\/mesdelicesbrioches.fr\/en\/nos-gourmandises\/pogne-de-romans\/\"><h2 class=\"woocommerce-loop-product__title\">Pogne de Romans<\/h2><\/a>\r\n\t\t\t\t\t\t\t\t\t\t<\/div>\r\n\t\t\t\t\t\t\t\t\t\t<div class=\"tbd_price_opt clearfix\">\r\n\t\t\t\t\t\t\t\t\t\t\n\t\r\n\t\t\t\t\t\t\t\t\t\t<\/div>\r\n\t\t\t\t\t\t\t\t\t<\/div>\r\n\t\t\t\t\t\t\t\t<\/div>\t\t\t\t\r\n\t\t\t\t\t\t\t<\/div>\r\n\t\t\t\t\t\t<\/div>\r\n\t\t\t\t\t\t\t\t\t\t\t\t\r\n\t\t\t\t\t\t<div class=\"eproduct_item product col-xl-3 col-lg-4 col-md-6  brioches\">\r\n\t\t\t\t\t\t<!-- product item --> \t \t\t\t\r\n\t\t\t\t\t\t\t<div class=\"tbd_product\">\r\n\t\t\t\t\t\t\t\t<div class=\"tbd_product_inner\">\r\n\t\t\t\t\t\t\t\t\t<!-- image --> \r\n\t\t\t\t\t\t\t\t\t<!-- sale -->\r\n\t\t\t\t\t\t\t\t\t<div class=\"tbd_product_thumb\">\t\t\t\t\t\t\t\r\n\t\t\t\t\t\t\t\t\t\t<div class=\"tbd_sale_price\"> \r\n\t\t\t\t\t\t\t\t\t\t\t\t\t\t\t\t\t\t\t\t\t<\/div>\r\n\t\t\t\t\t\t\t\t\t\t<a href=\"https:\/\/mesdelicesbrioches.fr\/en\/nos-gourmandises\/suisses-de-valence\/\" class=\"thumbnail_link\"><img decoding=\"async\" width=\"500\" height=\"500\" src=\"https:\/\/mesdelicesbrioches.fr\/wp-content\/uploads\/2023\/04\/Suisse-emballe-2.webp\" class=\"attachment-post-thumbnail size-post-thumbnail wp-post-image\" alt=\"Photo de notre Suisse de Valence emball\u00e9, de d\u00e9licieux biscuit sabl\u00e9.\" srcset=\"https:\/\/mesdelicesbrioches.fr\/wp-content\/uploads\/2023\/04\/Suisse-emballe-2.webp 500w, https:\/\/mesdelicesbrioches.fr\/wp-content\/uploads\/2023\/04\/Suisse-emballe-2-300x300.webp 300w, https:\/\/mesdelicesbrioches.fr\/wp-content\/uploads\/2023\/04\/Suisse-emballe-2-150x150.webp 150w, https:\/\/mesdelicesbrioches.fr\/wp-content\/uploads\/2023\/04\/Suisse-emballe-2-450x450.webp 450w, https:\/\/mesdelicesbrioches.fr\/wp-content\/uploads\/2023\/04\/Suisse-emballe-2-106x106.webp 106w, https:\/\/mesdelicesbrioches.fr\/wp-content\/uploads\/2023\/04\/Suisse-emballe-2-70x70.webp 70w, https:\/\/mesdelicesbrioches.fr\/wp-content\/uploads\/2023\/04\/Suisse-emballe-2-100x100.webp 100w\" sizes=\"(max-width: 500px) 100vw, 500px\" title=\"Suisse de Valence emball\u00e9 - biscuit sabl\u00e9\" \/><\/a>\t\t\t\t\t\r\n\t\t\t\t\t\t\t\t\t\t\t\r\n\t\t\t\t\t\t\t\t\t<\/div>\r\n\t\t\t\t\t\t\t\t<\/div>\r\n\t\t\t\t\t\t\t\t<!-- title and meta -->\r\n\t\t\t\t\t\t\t\t<div class=\"tbd_product_content\">\r\n\t\t\t\t\t\t\t\t\t<div class=\"tbd_product_content_inner\">\r\n\t\t\t\t\t\t\t\t\t\t<div class=\"tbd_product_title tbd_fload_right\">\r\n\t\t\t\t\t\t\t\t\t\t\r\n\t\t\t\t\t\t\t\t\t\t<a class=\"woocommerce-LoopProduct-link woocommerce-loop-product__link\" href=\"https:\/\/mesdelicesbrioches.fr\/en\/nos-gourmandises\/suisses-de-valence\/\"><h2 class=\"woocommerce-loop-product__title\">Suisse de Valence<\/h2><\/a>\r\n\t\t\t\t\t\t\t\t\t\t<\/div>\r\n\t\t\t\t\t\t\t\t\t\t<div class=\"tbd_price_opt clearfix\">\r\n\t\t\t\t\t\t\t\t\t\t\n\t\r\n\t\t\t\t\t\t\t\t\t\t<\/div>\r\n\t\t\t\t\t\t\t\t\t<\/div>\r\n\t\t\t\t\t\t\t\t<\/div>\t\t\t\t\r\n\t\t\t\t\t\t\t<\/div>\r\n\t\t\t\t\t\t<\/div>\r\n\t\t\t\t\t\t\t\t\t\t\t\t\r\n\t\t\t\t\t\t<div class=\"eproduct_item product col-xl-3 col-lg-4 col-md-6  brioches\">\r\n\t\t\t\t\t\t<!-- product item --> \t \t\t\t\r\n\t\t\t\t\t\t\t<div class=\"tbd_product\">\r\n\t\t\t\t\t\t\t\t<div class=\"tbd_product_inner\">\r\n\t\t\t\t\t\t\t\t\t<!-- image --> \r\n\t\t\t\t\t\t\t\t\t<!-- sale -->\r\n\t\t\t\t\t\t\t\t\t<div class=\"tbd_product_thumb\">\t\t\t\t\t\t\t\r\n\t\t\t\t\t\t\t\t\t\t<div class=\"tbd_sale_price\"> \r\n\t\t\t\t\t\t\t\t\t\t\t\t\t\t\t\t\t\t\t\t\t<\/div>\r\n\t\t\t\t\t\t\t\t\t\t<a href=\"https:\/\/mesdelicesbrioches.fr\/en\/nos-gourmandises\/saint-genix\/\" class=\"thumbnail_link\"><img decoding=\"async\" width=\"500\" height=\"500\" src=\"https:\/\/mesdelicesbrioches.fr\/wp-content\/uploads\/2023\/04\/Saint-Genix-emballe-1.webp\" class=\"attachment-post-thumbnail size-post-thumbnail wp-post-image\" alt=\"Photo de notre Saint-Genix emball\u00e9e, une brioche gourmande aux pralines roses.\" srcset=\"https:\/\/mesdelicesbrioches.fr\/wp-content\/uploads\/2023\/04\/Saint-Genix-emballe-1.webp 500w, https:\/\/mesdelicesbrioches.fr\/wp-content\/uploads\/2023\/04\/Saint-Genix-emballe-1-300x300.webp 300w, https:\/\/mesdelicesbrioches.fr\/wp-content\/uploads\/2023\/04\/Saint-Genix-emballe-1-150x150.webp 150w, https:\/\/mesdelicesbrioches.fr\/wp-content\/uploads\/2023\/04\/Saint-Genix-emballe-1-450x450.webp 450w, https:\/\/mesdelicesbrioches.fr\/wp-content\/uploads\/2023\/04\/Saint-Genix-emballe-1-106x106.webp 106w, https:\/\/mesdelicesbrioches.fr\/wp-content\/uploads\/2023\/04\/Saint-Genix-emballe-1-70x70.webp 70w, https:\/\/mesdelicesbrioches.fr\/wp-content\/uploads\/2023\/04\/Saint-Genix-emballe-1-100x100.webp 100w\" sizes=\"(max-width: 500px) 100vw, 500px\" title=\"Saint-Genix emball\u00e9e - Brioche aux pralines roses\" \/><\/a>\t\t\t\t\t\r\n\t\t\t\t\t\t\t\t\t\t\t\r\n\t\t\t\t\t\t\t\t\t<\/div>\r\n\t\t\t\t\t\t\t\t<\/div>\r\n\t\t\t\t\t\t\t\t<!-- title and meta -->\r\n\t\t\t\t\t\t\t\t<div class=\"tbd_product_content\">\r\n\t\t\t\t\t\t\t\t\t<div class=\"tbd_product_content_inner\">\r\n\t\t\t\t\t\t\t\t\t\t<div class=\"tbd_product_title tbd_fload_right\">\r\n\t\t\t\t\t\t\t\t\t\t\r\n\t\t\t\t\t\t\t\t\t\t<a class=\"woocommerce-LoopProduct-link woocommerce-loop-product__link\" href=\"https:\/\/mesdelicesbrioches.fr\/en\/nos-gourmandises\/saint-genix\/\"><h2 class=\"woocommerce-loop-product__title\">Saint-Genix<\/h2><\/a>\r\n\t\t\t\t\t\t\t\t\t\t<\/div>\r\n\t\t\t\t\t\t\t\t\t\t<div class=\"tbd_price_opt clearfix\">\r\n\t\t\t\t\t\t\t\t\t\t\n\t\r\n\t\t\t\t\t\t\t\t\t\t<\/div>\r\n\t\t\t\t\t\t\t\t\t<\/div>\r\n\t\t\t\t\t\t\t\t<\/div>\t\t\t\t\r\n\t\t\t\t\t\t\t<\/div>\r\n\t\t\t\t\t\t<\/div>\r\n\t\t\t\t\t\t\t\t\t\t\t\t\r\n\t\t\t\t\t\t<div class=\"eproduct_item product col-xl-3 col-lg-4 col-md-6  brioches\">\r\n\t\t\t\t\t\t<!-- product item --> \t \t\t\t\r\n\t\t\t\t\t\t\t<div class=\"tbd_product\">\r\n\t\t\t\t\t\t\t\t<div class=\"tbd_product_inner\">\r\n\t\t\t\t\t\t\t\t\t<!-- image --> \r\n\t\t\t\t\t\t\t\t\t<!-- sale -->\r\n\t\t\t\t\t\t\t\t\t<div class=\"tbd_product_thumb\">\t\t\t\t\t\t\t\r\n\t\t\t\t\t\t\t\t\t\t<div class=\"tbd_sale_price\"> \r\n\t\t\t\t\t\t\t\t\t\t\t\t\t\t\t\t\t\t\t\t\t<\/div>\r\n\t\t\t\t\t\t\t\t\t\t<a href=\"https:\/\/mesdelicesbrioches.fr\/en\/nos-gourmandises\/nanterre\/\" class=\"thumbnail_link\"><img loading=\"lazy\" decoding=\"async\" width=\"500\" height=\"500\" src=\"https:\/\/mesdelicesbrioches.fr\/wp-content\/uploads\/2023\/04\/nanterre-nature-emballe.webp\" class=\"attachment-post-thumbnail size-post-thumbnail wp-post-image\" alt=\"Photo de notre Nanterre nature emball\u00e9e, une brioche bien gonfl\u00e9e et bien dor\u00e9e.\" srcset=\"https:\/\/mesdelicesbrioches.fr\/wp-content\/uploads\/2023\/04\/nanterre-nature-emballe.webp 500w, https:\/\/mesdelicesbrioches.fr\/wp-content\/uploads\/2023\/04\/nanterre-nature-emballe-300x300.webp 300w, https:\/\/mesdelicesbrioches.fr\/wp-content\/uploads\/2023\/04\/nanterre-nature-emballe-150x150.webp 150w, https:\/\/mesdelicesbrioches.fr\/wp-content\/uploads\/2023\/04\/nanterre-nature-emballe-450x450.webp 450w, https:\/\/mesdelicesbrioches.fr\/wp-content\/uploads\/2023\/04\/nanterre-nature-emballe-106x106.webp 106w, https:\/\/mesdelicesbrioches.fr\/wp-content\/uploads\/2023\/04\/nanterre-nature-emballe-70x70.webp 70w, https:\/\/mesdelicesbrioches.fr\/wp-content\/uploads\/2023\/04\/nanterre-nature-emballe-100x100.webp 100w\" sizes=\"(max-width: 500px) 100vw, 500px\" title=\"Nanterre nature emball\u00e9e - Brioche moelleuse et dor\u00e9e\" \/><\/a>\t\t\t\t\t\r\n\t\t\t\t\t\t\t\t\t\t\t\r\n\t\t\t\t\t\t\t\t\t<\/div>\r\n\t\t\t\t\t\t\t\t<\/div>\r\n\t\t\t\t\t\t\t\t<!-- title and meta -->\r\n\t\t\t\t\t\t\t\t<div class=\"tbd_product_content\">\r\n\t\t\t\t\t\t\t\t\t<div class=\"tbd_product_content_inner\">\r\n\t\t\t\t\t\t\t\t\t\t<div class=\"tbd_product_title tbd_fload_right\">\r\n\t\t\t\t\t\t\t\t\t\t\r\n\t\t\t\t\t\t\t\t\t\t<a class=\"woocommerce-LoopProduct-link woocommerce-loop-product__link\" href=\"https:\/\/mesdelicesbrioches.fr\/en\/nos-gourmandises\/nanterre\/\"><h2 class=\"woocommerce-loop-product__title\">Nanterre<\/h2><\/a>\r\n\t\t\t\t\t\t\t\t\t\t<\/div>\r\n\t\t\t\t\t\t\t\t\t\t<div class=\"tbd_price_opt clearfix\">\r\n\t\t\t\t\t\t\t\t\t\t\n\t\r\n\t\t\t\t\t\t\t\t\t\t<\/div>\r\n\t\t\t\t\t\t\t\t\t<\/div>\r\n\t\t\t\t\t\t\t\t<\/div>\t\t\t\t\r\n\t\t\t\t\t\t\t<\/div>\r\n\t\t\t\t\t\t<\/div>\r\n\t\t\t\t\t\t\t\t\t\t\t\t\r\n\t\t\t\t\t\t<div class=\"eproduct_item product col-xl-3 col-lg-4 col-md-6  brioches\">\r\n\t\t\t\t\t\t<!-- product item --> \t \t\t\t\r\n\t\t\t\t\t\t\t<div class=\"tbd_product\">\r\n\t\t\t\t\t\t\t\t<div class=\"tbd_product_inner\">\r\n\t\t\t\t\t\t\t\t\t<!-- image --> \r\n\t\t\t\t\t\t\t\t\t<!-- sale -->\r\n\t\t\t\t\t\t\t\t\t<div class=\"tbd_product_thumb\">\t\t\t\t\t\t\t\r\n\t\t\t\t\t\t\t\t\t\t<div class=\"tbd_sale_price\"> \r\n\t\t\t\t\t\t\t\t\t\t\t\t\t\t\t\t\t\t\t\t\t<\/div>\r\n\t\t\t\t\t\t\t\t\t\t<a href=\"https:\/\/mesdelicesbrioches.fr\/en\/nos-gourmandises\/mouna\/\" class=\"thumbnail_link\"><img loading=\"lazy\" decoding=\"async\" width=\"500\" height=\"500\" src=\"https:\/\/mesdelicesbrioches.fr\/wp-content\/uploads\/2023\/04\/mouna-emballee-1.webp\" class=\"attachment-post-thumbnail size-post-thumbnail wp-post-image\" alt=\"Photo de notre Mouna, une brioche moelleuse parfum\u00e9e \u00e0 l&#039;orange et \u00e0 l\u2019anis.\" srcset=\"https:\/\/mesdelicesbrioches.fr\/wp-content\/uploads\/2023\/04\/mouna-emballee-1.webp 500w, https:\/\/mesdelicesbrioches.fr\/wp-content\/uploads\/2023\/04\/mouna-emballee-1-300x300.webp 300w, https:\/\/mesdelicesbrioches.fr\/wp-content\/uploads\/2023\/04\/mouna-emballee-1-150x150.webp 150w, https:\/\/mesdelicesbrioches.fr\/wp-content\/uploads\/2023\/04\/mouna-emballee-1-450x450.webp 450w, https:\/\/mesdelicesbrioches.fr\/wp-content\/uploads\/2023\/04\/mouna-emballee-1-106x106.webp 106w, https:\/\/mesdelicesbrioches.fr\/wp-content\/uploads\/2023\/04\/mouna-emballee-1-70x70.webp 70w, https:\/\/mesdelicesbrioches.fr\/wp-content\/uploads\/2023\/04\/mouna-emballee-1-100x100.webp 100w\" sizes=\"(max-width: 500px) 100vw, 500px\" title=\"Photo of our Mouna, a soft brioche flavoured with orange and aniseed\" \/><\/a>\t\t\t\t\t\r\n\t\t\t\t\t\t\t\t\t\t\t\r\n\t\t\t\t\t\t\t\t\t<\/div>\r\n\t\t\t\t\t\t\t\t<\/div>\r\n\t\t\t\t\t\t\t\t<!-- title and meta -->\r\n\t\t\t\t\t\t\t\t<div class=\"tbd_product_content\">\r\n\t\t\t\t\t\t\t\t\t<div class=\"tbd_product_content_inner\">\r\n\t\t\t\t\t\t\t\t\t\t<div class=\"tbd_product_title tbd_fload_right\">\r\n\t\t\t\t\t\t\t\t\t\t\r\n\t\t\t\t\t\t\t\t\t\t<a class=\"woocommerce-LoopProduct-link woocommerce-loop-product__link\" href=\"https:\/\/mesdelicesbrioches.fr\/en\/nos-gourmandises\/mouna\/\"><h2 class=\"woocommerce-loop-product__title\">Mouna<\/h2><\/a>\r\n\t\t\t\t\t\t\t\t\t\t<\/div>\r\n\t\t\t\t\t\t\t\t\t\t<div class=\"tbd_price_opt clearfix\">\r\n\t\t\t\t\t\t\t\t\t\t\n\t\r\n\t\t\t\t\t\t\t\t\t\t<\/div>\r\n\t\t\t\t\t\t\t\t\t<\/div>\r\n\t\t\t\t\t\t\t\t<\/div>\t\t\t\t\r\n\t\t\t\t\t\t\t<\/div>\r\n\t\t\t\t\t\t<\/div>\r\n\t\t\t\t\t\t\t\t\t\t\t\t\r\n\t\t\t\t\t\t<div class=\"eproduct_item product col-xl-3 col-lg-4 col-md-6  brioches\">\r\n\t\t\t\t\t\t<!-- product item --> \t \t\t\t\r\n\t\t\t\t\t\t\t<div class=\"tbd_product\">\r\n\t\t\t\t\t\t\t\t<div class=\"tbd_product_inner\">\r\n\t\t\t\t\t\t\t\t\t<!-- image --> \r\n\t\t\t\t\t\t\t\t\t<!-- sale -->\r\n\t\t\t\t\t\t\t\t\t<div class=\"tbd_product_thumb\">\t\t\t\t\t\t\t\r\n\t\t\t\t\t\t\t\t\t\t<div class=\"tbd_sale_price\"> \r\n\t\t\t\t\t\t\t\t\t\t\t\t\t\t\t\t\t\t\t\t\t<\/div>\r\n\t\t\t\t\t\t\t\t\t\t<a href=\"https:\/\/mesdelicesbrioches.fr\/en\/nos-gourmandises\/brioche-dromoise\/\" class=\"thumbnail_link\"><img loading=\"lazy\" decoding=\"async\" width=\"500\" height=\"500\" src=\"https:\/\/mesdelicesbrioches.fr\/wp-content\/uploads\/2023\/04\/dromoise-emballe-1.webp\" class=\"attachment-post-thumbnail size-post-thumbnail wp-post-image\" alt=\"Photo de notre Brioche Dr\u00f4moise emball\u00e9e, une brioche moelleuse\" srcset=\"https:\/\/mesdelicesbrioches.fr\/wp-content\/uploads\/2023\/04\/dromoise-emballe-1.webp 500w, https:\/\/mesdelicesbrioches.fr\/wp-content\/uploads\/2023\/04\/dromoise-emballe-1-300x300.webp 300w, https:\/\/mesdelicesbrioches.fr\/wp-content\/uploads\/2023\/04\/dromoise-emballe-1-150x150.webp 150w, https:\/\/mesdelicesbrioches.fr\/wp-content\/uploads\/2023\/04\/dromoise-emballe-1-450x450.webp 450w, https:\/\/mesdelicesbrioches.fr\/wp-content\/uploads\/2023\/04\/dromoise-emballe-1-106x106.webp 106w, https:\/\/mesdelicesbrioches.fr\/wp-content\/uploads\/2023\/04\/dromoise-emballe-1-70x70.webp 70w, https:\/\/mesdelicesbrioches.fr\/wp-content\/uploads\/2023\/04\/dromoise-emballe-1-100x100.webp 100w\" sizes=\"(max-width: 500px) 100vw, 500px\" title=\"Brioche Dr\u00f4moise emball\u00e9e - Brioche moelleuse\" \/><\/a>\t\t\t\t\t\r\n\t\t\t\t\t\t\t\t\t\t\t\r\n\t\t\t\t\t\t\t\t\t<\/div>\r\n\t\t\t\t\t\t\t\t<\/div>\r\n\t\t\t\t\t\t\t\t<!-- title and meta -->\r\n\t\t\t\t\t\t\t\t<div class=\"tbd_product_content\">\r\n\t\t\t\t\t\t\t\t\t<div class=\"tbd_product_content_inner\">\r\n\t\t\t\t\t\t\t\t\t\t<div class=\"tbd_product_title tbd_fload_right\">\r\n\t\t\t\t\t\t\t\t\t\t\r\n\t\t\t\t\t\t\t\t\t\t<a class=\"woocommerce-LoopProduct-link woocommerce-loop-product__link\" href=\"https:\/\/mesdelicesbrioches.fr\/en\/nos-gourmandises\/brioche-dromoise\/\"><h2 class=\"woocommerce-loop-product__title\">Brioche Dr\u00f4moise<\/h2><\/a>\r\n\t\t\t\t\t\t\t\t\t\t<\/div>\r\n\t\t\t\t\t\t\t\t\t\t<div class=\"tbd_price_opt clearfix\">\r\n\t\t\t\t\t\t\t\t\t\t\n\t\r\n\t\t\t\t\t\t\t\t\t\t<\/div>\r\n\t\t\t\t\t\t\t\t\t<\/div>\r\n\t\t\t\t\t\t\t\t<\/div>\t\t\t\t\r\n\t\t\t\t\t\t\t<\/div>\r\n\t\t\t\t\t\t<\/div>\r\n\t\t\t\t\t\t\t\t\t\t\t\t\r\n\t\t\t\t\t\t<div class=\"eproduct_item product col-xl-3 col-lg-4 col-md-6  gamme-bio\">\r\n\t\t\t\t\t\t<!-- product item --> \t \t\t\t\r\n\t\t\t\t\t\t\t<div class=\"tbd_product\">\r\n\t\t\t\t\t\t\t\t<div class=\"tbd_product_inner\">\r\n\t\t\t\t\t\t\t\t\t<!-- image --> \r\n\t\t\t\t\t\t\t\t\t<!-- sale -->\r\n\t\t\t\t\t\t\t\t\t<div class=\"tbd_product_thumb\">\t\t\t\t\t\t\t\r\n\t\t\t\t\t\t\t\t\t\t<div class=\"tbd_sale_price\"> \r\n\t\t\t\t\t\t\t\t\t\t\t\t\t\t\t\t\t\t\t\t\t<\/div>\r\n\t\t\t\t\t\t\t\t\t\t<a href=\"https:\/\/mesdelicesbrioches.fr\/en\/nos-gourmandises\/notre-gamme-bio\/\" class=\"thumbnail_link\"><img loading=\"lazy\" decoding=\"async\" width=\"500\" height=\"500\" src=\"https:\/\/mesdelicesbrioches.fr\/wp-content\/uploads\/2023\/04\/gamme-bio.webp\" class=\"attachment-post-thumbnail size-post-thumbnail wp-post-image\" alt=\"Photo de notre gamme bio, des brioches artisanales respectant la certification Agriculture Biologique.\" srcset=\"https:\/\/mesdelicesbrioches.fr\/wp-content\/uploads\/2023\/04\/gamme-bio.webp 500w, https:\/\/mesdelicesbrioches.fr\/wp-content\/uploads\/2023\/04\/gamme-bio-300x300.webp 300w, https:\/\/mesdelicesbrioches.fr\/wp-content\/uploads\/2023\/04\/gamme-bio-150x150.webp 150w, https:\/\/mesdelicesbrioches.fr\/wp-content\/uploads\/2023\/04\/gamme-bio-450x450.webp 450w, https:\/\/mesdelicesbrioches.fr\/wp-content\/uploads\/2023\/04\/gamme-bio-106x106.webp 106w, https:\/\/mesdelicesbrioches.fr\/wp-content\/uploads\/2023\/04\/gamme-bio-70x70.webp 70w, https:\/\/mesdelicesbrioches.fr\/wp-content\/uploads\/2023\/04\/gamme-bio-100x100.webp 100w\" sizes=\"(max-width: 500px) 100vw, 500px\" title=\"Gamme Bio - Brioches artisanales certifi\u00e9es bio\" \/><\/a>\t\t\t\t\t\r\n\t\t\t\t\t\t\t\t\t\t\t\r\n\t\t\t\t\t\t\t\t\t<\/div>\r\n\t\t\t\t\t\t\t\t<\/div>\r\n\t\t\t\t\t\t\t\t<!-- title and meta -->\r\n\t\t\t\t\t\t\t\t<div class=\"tbd_product_content\">\r\n\t\t\t\t\t\t\t\t\t<div class=\"tbd_product_content_inner\">\r\n\t\t\t\t\t\t\t\t\t\t<div class=\"tbd_product_title tbd_fload_right\">\r\n\t\t\t\t\t\t\t\t\t\t\r\n\t\t\t\t\t\t\t\t\t\t<a class=\"woocommerce-LoopProduct-link woocommerce-loop-product__link\" href=\"https:\/\/mesdelicesbrioches.fr\/en\/nos-gourmandises\/notre-gamme-bio\/\"><h2 class=\"woocommerce-loop-product__title\">Organic offer<\/h2><\/a>\r\n\t\t\t\t\t\t\t\t\t\t<\/div>\r\n\t\t\t\t\t\t\t\t\t\t<div class=\"tbd_price_opt clearfix\">\r\n\t\t\t\t\t\t\t\t\t\t\n\t\r\n\t\t\t\t\t\t\t\t\t\t<\/div>\r\n\t\t\t\t\t\t\t\t\t<\/div>\r\n\t\t\t\t\t\t\t\t<\/div>\t\t\t\t\r\n\t\t\t\t\t\t\t<\/div>\r\n\t\t\t\t\t\t<\/div>\r\n\t\t\t\t\t\t\t\t\t\t\t\t\r\n\t\t\t\t\t\t<div class=\"eproduct_item product col-xl-3 col-lg-4 col-md-6  gamme-festive\">\r\n\t\t\t\t\t\t<!-- product item --> \t \t\t\t\r\n\t\t\t\t\t\t\t<div class=\"tbd_product\">\r\n\t\t\t\t\t\t\t\t<div class=\"tbd_product_inner\">\r\n\t\t\t\t\t\t\t\t\t<!-- image --> \r\n\t\t\t\t\t\t\t\t\t<!-- sale -->\r\n\t\t\t\t\t\t\t\t\t<div class=\"tbd_product_thumb\">\t\t\t\t\t\t\t\r\n\t\t\t\t\t\t\t\t\t\t<div class=\"tbd_sale_price\"> \r\n\t\t\t\t\t\t\t\t\t\t\t\t\t\t\t\t\t\t\t\t\t<\/div>\r\n\t\t\t\t\t\t\t\t\t\t<a href=\"https:\/\/mesdelicesbrioches.fr\/en\/nos-gourmandises\/notre-gamme-festive\/\" class=\"thumbnail_link\"><img loading=\"lazy\" decoding=\"async\" width=\"500\" height=\"500\" src=\"https:\/\/mesdelicesbrioches.fr\/wp-content\/uploads\/2023\/05\/gamme_festive_1.webp\" class=\"attachment-post-thumbnail size-post-thumbnail wp-post-image\" alt=\"Photo de notre gamme festive, des brioches sp\u00e9ciales pour les occasions festives et les c\u00e9l\u00e9brations.\" srcset=\"https:\/\/mesdelicesbrioches.fr\/wp-content\/uploads\/2023\/05\/gamme_festive_1.webp 500w, https:\/\/mesdelicesbrioches.fr\/wp-content\/uploads\/2023\/05\/gamme_festive_1-300x300.webp 300w, https:\/\/mesdelicesbrioches.fr\/wp-content\/uploads\/2023\/05\/gamme_festive_1-150x150.webp 150w, https:\/\/mesdelicesbrioches.fr\/wp-content\/uploads\/2023\/05\/gamme_festive_1-450x450.webp 450w, https:\/\/mesdelicesbrioches.fr\/wp-content\/uploads\/2023\/05\/gamme_festive_1-106x106.webp 106w, https:\/\/mesdelicesbrioches.fr\/wp-content\/uploads\/2023\/05\/gamme_festive_1-70x70.webp 70w, https:\/\/mesdelicesbrioches.fr\/wp-content\/uploads\/2023\/05\/gamme_festive_1-100x100.webp 100w\" sizes=\"(max-width: 500px) 100vw, 500px\" title=\"Gamme Festive - Brioches sp\u00e9ciales pour les occasions festives\" \/><\/a>\t\t\t\t\t\r\n\t\t\t\t\t\t\t\t\t\t\t\r\n\t\t\t\t\t\t\t\t\t<\/div>\r\n\t\t\t\t\t\t\t\t<\/div>\r\n\t\t\t\t\t\t\t\t<!-- title and meta -->\r\n\t\t\t\t\t\t\t\t<div class=\"tbd_product_content\">\r\n\t\t\t\t\t\t\t\t\t<div class=\"tbd_product_content_inner\">\r\n\t\t\t\t\t\t\t\t\t\t<div class=\"tbd_product_title tbd_fload_right\">\r\n\t\t\t\t\t\t\t\t\t\t\r\n\t\t\t\t\t\t\t\t\t\t<a class=\"woocommerce-LoopProduct-link woocommerce-loop-product__link\" href=\"https:\/\/mesdelicesbrioches.fr\/en\/nos-gourmandises\/notre-gamme-festive\/\"><h2 class=\"woocommerce-loop-product__title\">Festive selection<\/h2><\/a>\r\n\t\t\t\t\t\t\t\t\t\t<\/div>\r\n\t\t\t\t\t\t\t\t\t\t<div class=\"tbd_price_opt clearfix\">\r\n\t\t\t\t\t\t\t\t\t\t\n\t\r\n\t\t\t\t\t\t\t\t\t\t<\/div>\r\n\t\t\t\t\t\t\t\t\t<\/div>\r\n\t\t\t\t\t\t\t\t<\/div>\t\t\t\t\r\n\t\t\t\t\t\t\t<\/div>\r\n\t\t\t\t\t\t<\/div>\r\n\t\t\t\t\t\t\r\n                <\/div>\r\n                <\/div>\r\n                <\/section>\r\n\t\r\n\r\n\r\n\t\r\n\r\n\t\t\t\t<\/div>\n\t\t\t\t<\/div>\n\t\t\t\t\t<\/div>\n\t\t<\/div>\n\t\t\t\t\t<\/div>\n\t\t<\/section>\n\t\t\t\t<\/div>","protected":false},"excerpt":{"rendered":"<p>Tous nos produits Brioches Gamme bio Gamme Festive Pogne de Romans Suisse de Valence Saint-Genix Nanterre Mouna Brioche Dr\u00f4moise Gamme bio Gamme festive<\/p>","protected":false},"author":1,"featured_media":0,"parent":0,"menu_order":0,"comment_status":"closed","ping_status":"closed","template":"template-home.php","meta":{"_acf_changed":false,"content-type":"","footnotes":""},"class_list":["post-14342","page","type-page","status-publish","hentry"],"acf":[],"_links":{"self":[{"href":"https:\/\/mesdelicesbrioches.fr\/en\/wp-json\/wp\/v2\/pages\/14342","targetHints":{"allow":["GET"]}}],"collection":[{"href":"https:\/\/mesdelicesbrioches.fr\/en\/wp-json\/wp\/v2\/pages"}],"about":[{"href":"https:\/\/mesdelicesbrioches.fr\/en\/wp-json\/wp\/v2\/types\/page"}],"author":[{"embeddable":true,"href":"https:\/\/mesdelicesbrioches.fr\/en\/wp-json\/wp\/v2\/users\/1"}],"replies":[{"embeddable":true,"href":"https:\/\/mesdelicesbrioches.fr\/en\/wp-json\/wp\/v2\/comments?post=14342"}],"version-history":[{"count":53,"href":"https:\/\/mesdelicesbrioches.fr\/en\/wp-json\/wp\/v2\/pages\/14342\/revisions"}],"predecessor-version":[{"id":16345,"href":"https:\/\/mesdelicesbrioches.fr\/en\/wp-json\/wp\/v2\/pages\/14342\/revisions\/16345"}],"wp:attachment":[{"href":"https:\/\/mesdelicesbrioches.fr\/en\/wp-json\/wp\/v2\/media?parent=14342"}],"curies":[{"name":"wp","href":"https:\/\/api.w.org\/{rel}","templated":true}]}}