{"id":15633,"date":"2023-05-03T16:53:48","date_gmt":"2023-05-03T14:53:48","guid":{"rendered":"https:\/\/dev.mesdelicesbrioches.fr\/?page_id=15633"},"modified":"2023-05-14T16:07:28","modified_gmt":"2023-05-14T14:07:28","slug":"mentions-legales","status":"publish","type":"page","link":"https:\/\/mesdelicesbrioches.fr\/en\/mentions-legales\/","title":{"rendered":"Legal information"},"content":{"rendered":"<div data-elementor-type=\"wp-page\" data-elementor-id=\"15633\" class=\"elementor elementor-15633\" data-elementor-post-type=\"page\">\n\t\t\t\t<div class=\"elementor-element elementor-element-35de2df e-flex e-con-boxed e-con e-parent\" data-id=\"35de2df\" data-element_type=\"container\" data-e-type=\"container\">\n\t\t\t\t\t<div class=\"e-con-inner\">\n\t\t\t\t<div class=\"elementor-element elementor-element-d861b1d elementor-widget elementor-widget-text-editor\" data-id=\"d861b1d\" data-element_type=\"widget\" data-e-type=\"widget\" data-widget_type=\"text-editor.default\">\n\t\t\t\t<div class=\"elementor-widget-container\">\n\t\t\t\t\t\t\t\t\t<div><p>In accordance with the provisions of Articles 6-III and 19 of Law No. 2004-575 of June 21, 2004 for Confidence in the Digital Economy, known as L.C.E.N., users of the site are informed that\u00a0<a href=\"https:\/\/mesdelicesbrioches.fr\/en\/\">https:\/\/www.mesdelicesbrioches.fr<\/a>\u00a0the present Legal Notice. The site can be accessed at the following address:\u00a0<a href=\"https:\/\/mesdelicesbrioches.fr\/en\/\">https:\/\/www.mesdelicesbrioches.fr<\/a>\u00a0and its use is subject to the present Legal Notice detailed below as well as to applicable laws and\/or regulations.<\/p><p>Use of and access to this site imply full and unreserved acceptance by the Internet user of all the provisions of this Legal Notice.<\/p><\/div>\t\t\t\t\t\t\t\t<\/div>\n\t\t\t\t<\/div>\n\t\t\t\t<div class=\"elementor-element elementor-element-ba0d4df elementor-widget elementor-widget-heading\" data-id=\"ba0d4df\" data-element_type=\"widget\" data-e-type=\"widget\" data-widget_type=\"heading.default\">\n\t\t\t\t<div class=\"elementor-widget-container\">\n\t\t\t\t\t<h3 class=\"elementor-heading-title elementor-size-default\">ARTICLE 1 - LEGAL INFORMATION<\/h3>\t\t\t\t<\/div>\n\t\t\t\t<\/div>\n\t\t\t\t<div class=\"elementor-element elementor-element-afc8c18 elementor-widget elementor-widget-text-editor\" data-id=\"afc8c18\" data-element_type=\"widget\" data-e-type=\"widget\" data-widget_type=\"text-editor.default\">\n\t\t\t\t<div class=\"elementor-widget-container\">\n\t\t\t\t\t\t\t\t\t<p><em>SITE EDITION :<\/em><br \/>SAS MES D\u00c9LICES BRIOCH\u00c9S<br \/>President: Vincent Binienda<br \/>T\u00e9l : 09 87 71 38 35<br \/><a href=\"mailto:vbinienda@mesdelicesbrioches.fr\">vbinienda@mesdelicesbrioches.fr<br \/><\/a>Head office :<br \/>6 rue Nicolas Appert<br \/>26100 Romans<\/p><p><em>SITE HOSTING :<\/em><br \/>SAS OVH<br \/><span class=\"ng-scope\" data-translate=\"legal-company-registration\">RCS Lille M\u00e9tropole<br \/>424 761 419 00045<\/span><br \/><span class=\"ng-scope\" data-translate=\"legal-company-ape\">Code APE 6202A<\/span><br \/><span class=\"ng-scope\" data-translate=\"legal-company-vat\">N\u00b0 TVA : FR 22 424 761 419<br \/><\/span>Head office :<br \/>2 rue Kellermann<br \/>59100 Roubaix<br \/>France<\/p><p>All Internet users who browse, read, view and use the site are considered users.\u00a0<a href=\"https:\/\/mesdelicesbrioches.fr\/en\/\">https:\/\/www.mesdelicesbrioches.fr<\/a>\u00a0<\/p>\t\t\t\t\t\t\t\t<\/div>\n\t\t\t\t<\/div>\n\t\t\t\t<div class=\"elementor-element elementor-element-86f1b02 elementor-widget elementor-widget-heading\" data-id=\"86f1b02\" data-element_type=\"widget\" data-e-type=\"widget\" data-widget_type=\"heading.default\">\n\t\t\t\t<div class=\"elementor-widget-container\">\n\t\t\t\t\t<h3 class=\"elementor-heading-title elementor-size-default\">ARTICLE 2 - CONDITIONS OF USE<\/h3>\t\t\t\t<\/div>\n\t\t\t\t<\/div>\n\t\t\t\t<div class=\"elementor-element elementor-element-cdb3ecd elementor-widget elementor-widget-text-editor\" data-id=\"cdb3ecd\" data-element_type=\"widget\" data-e-type=\"widget\" data-widget_type=\"text-editor.default\">\n\t\t\t\t<div class=\"elementor-widget-container\">\n\t\t\t\t\t\t\t\t\t<p>Through\u00a0<a href=\"https:\/\/mesdelicesbrioches.fr\/en\/\">https:\/\/www.mesdelicesbrioches.fr<\/a>Mes D\u00e9lices Brioch\u00e9s makes every effort to provide reliable and accurate information and to update its website regularly. However, errors or omissions may occur. The Internet user must therefore check the accuracy of the information provided by Mes D\u00e9lices Brioch\u00e9s, and report any changes to the site that he or she considers useful. Mes D\u00e9lices Brioch\u00e9s is in no way responsible for the use made of this information, or for any direct or indirect damage that may result.<\/p><p>This site is normally accessible to users at all times. Mes D\u00e9lices Brioch\u00e9s may, however, decide to interrupt the site for technical maintenance, and will endeavour to inform users of the dates and times of the intervention beforehand.<\/p>\t\t\t\t\t\t\t\t<\/div>\n\t\t\t\t<\/div>\n\t\t\t\t<div class=\"elementor-element elementor-element-822d0ef elementor-widget elementor-widget-heading\" data-id=\"822d0ef\" data-element_type=\"widget\" data-e-type=\"widget\" data-widget_type=\"heading.default\">\n\t\t\t\t<div class=\"elementor-widget-container\">\n\t\t\t\t\t<h3 class=\"elementor-heading-title elementor-size-default\">ARTICLE 3 - CONTRACTUAL LIMITATIONS ON TECHNICAL DATA<\/h3>\t\t\t\t<\/div>\n\t\t\t\t<\/div>\n\t\t\t\t<div class=\"elementor-element elementor-element-f3b4ee5 elementor-widget elementor-widget-text-editor\" data-id=\"f3b4ee5\" data-element_type=\"widget\" data-e-type=\"widget\" data-widget_type=\"text-editor.default\">\n\t\t\t\t<div class=\"elementor-widget-container\">\n\t\t\t\t\t\t\t\t\t<p>The website\u00a0<a href=\"https:\/\/mesdelicesbrioches.fr\/en\/\">https:\/\/www.mesdelicesbrioches.fr<\/a>\u00a0cannot be held responsible for any material damage resulting from use of the site. In addition, the user of the site undertakes to access the site using recent, virus-free equipment, and with an up-to-date, latest-generation browser.<\/p>\t\t\t\t\t\t\t\t<\/div>\n\t\t\t\t<\/div>\n\t\t\t\t<div class=\"elementor-element elementor-element-668e544 elementor-widget elementor-widget-heading\" data-id=\"668e544\" data-element_type=\"widget\" data-e-type=\"widget\" data-widget_type=\"heading.default\">\n\t\t\t\t<div class=\"elementor-widget-container\">\n\t\t\t\t\t<h3 class=\"elementor-heading-title elementor-size-default\">ARTICLE 4 - INTELLECTUAL PROPERTY AND COUNTERFEITING<\/h3>\t\t\t\t<\/div>\n\t\t\t\t<\/div>\n\t\t\t\t<div class=\"elementor-element elementor-element-c34574b elementor-widget elementor-widget-text-editor\" data-id=\"c34574b\" data-element_type=\"widget\" data-e-type=\"widget\" data-widget_type=\"text-editor.default\">\n\t\t\t\t<div class=\"elementor-widget-container\">\n\t\t\t\t\t\t\t\t\t<p>Mes D\u00e9lices Brioch\u00e9s is the owner of the intellectual property rights or holds the rights of use on all the elements accessible on the site.\u00a0<a href=\"https:\/\/mesdelicesbrioches.fr\/en\/\">https:\/\/www.mesdelicesbrioches.fr<\/a>including text, images, graphics, videos, logos, icons, sounds and software.<\/p><p>Any reproduction, representation, modification, publication, adaptation of all or part of the elements of the site, whatever the means or the process used, is prohibited, except prior written authorization of Mes D\u00e9lices Brioch\u00e9s.<\/p><p>Any unauthorized use of the site or of any of the elements it contains will be considered as counterfeiting and will be prosecuted in accordance with the provisions of articles L.335-2 et seq. of the French Intellectual Property Code.<\/p>\t\t\t\t\t\t\t\t<\/div>\n\t\t\t\t<\/div>\n\t\t\t\t<div class=\"elementor-element elementor-element-5a24a1b elementor-widget elementor-widget-heading\" data-id=\"5a24a1b\" data-element_type=\"widget\" data-e-type=\"widget\" data-widget_type=\"heading.default\">\n\t\t\t\t<div class=\"elementor-widget-container\">\n\t\t\t\t\t<h3 class=\"elementor-heading-title elementor-size-default\">ARTICLE 5 - LIMITATION OF LIABILITY<\/h3>\t\t\t\t<\/div>\n\t\t\t\t<\/div>\n\t\t\t\t<div class=\"elementor-element elementor-element-c3c1c82 elementor-widget elementor-widget-text-editor\" data-id=\"c3c1c82\" data-element_type=\"widget\" data-e-type=\"widget\" data-widget_type=\"text-editor.default\">\n\t\t\t\t<div class=\"elementor-widget-container\">\n\t\t\t\t\t\t\t\t\t<p>Mes D\u00e9lices Brioch\u00e9s cannot be held responsible for direct or indirect damage caused to the user's equipment when accessing the site.\u00a0<a href=\"https:\/\/mesdelicesbrioches.fr\/en\/\">https:\/\/www.mesdelicesbrioches.fr<\/a>and resulting either from the use of equipment that does not meet the specifications indicated in article 3, or from the appearance of a bug or incompatibility.<\/p><p>Mes D\u00e9lices Brioch\u00e9s cannot be held responsible for indirect damages (such as loss of market or loss of opportunity) resulting from the use of the site.\u00a0<a href=\"https:\/\/mesdelicesbrioches.fr\/en\/\">https:\/\/www.mesdelicesbrioches.fr<\/a><\/p>\t\t\t\t\t\t\t\t<\/div>\n\t\t\t\t<\/div>\n\t\t\t\t<div class=\"elementor-element elementor-element-deac21d elementor-widget elementor-widget-heading\" data-id=\"deac21d\" data-element_type=\"widget\" data-e-type=\"widget\" data-widget_type=\"heading.default\">\n\t\t\t\t<div class=\"elementor-widget-container\">\n\t\t\t\t\t<h3 class=\"elementor-heading-title elementor-size-default\">ARTICLE 6 - PERSONAL DATA MANAGEMENT<\/h3>\t\t\t\t<\/div>\n\t\t\t\t<\/div>\n\t\t\t\t<div class=\"elementor-element elementor-element-a69662d elementor-widget elementor-widget-text-editor\" data-id=\"a69662d\" data-element_type=\"widget\" data-e-type=\"widget\" data-widget_type=\"text-editor.default\">\n\t\t\t\t<div class=\"elementor-widget-container\">\n\t\t\t\t\t\t\t\t\t<p>In France, personal data is protected by law no. 78-87 of January 6, 1978, law no. 2004-801 of August 6, 2004, article L. 226-13 of the Criminal Code and the European Directive of October 24, 1995.<\/p><p>When using the site\u00a0<a href=\"https:\/\/mesdelicesbrioches.fr\/en\/\">https:\/\/www.mesdelicesbrioches.fr<\/a>In addition, information may be collected concerning the user. For example, the URL of the links through which the user has accessed the site, the user's access provider or the user's Internet Protocol (IP) address.<\/p><p>In any case Mes D\u00e9lices Brioch\u00e9s collects personal information about the user only for the need of certain services offered by the site.\u00a0<a href=\"https:\/\/mesdelicesbrioches.fr\/en\/\">https:\/\/www.mesdelicesbrioches.fr<\/a>. The user provides this information with full knowledge of the facts, in particular when he\/she enters the information himself\/herself. It is then specified to the user of the site\u00a0<a href=\"https:\/\/mesdelicesbrioches.fr\/en\/\">https:\/\/www.mesdelicesbrioches.fr<\/a>\u00a0the obligation to provide this information.<\/p><p>In accordance with the provisions of Articles 38 et seq. of the French Data Protection Act 78-17 of January 6, 1978, all users have the right to access, rectify and object to any personal data concerning them, by sending a written and signed request, accompanied by a copy of the identity document bearing the signature of the holder of the document, and specifying the address to which the reply is to be sent.<\/p><p>No personal information about the user of the site\u00a0<a href=\"https:\/\/mesdelicesbrioches.fr\/en\/\">https:\/\/www.mesdelicesbrioches.fr<\/a>\u00a0is published without the user's knowledge, exchanged, transferred, assigned or sold on any medium whatsoever to third parties. Only the assumption of the purchase of Mes D\u00e9lices Brioch\u00e9s and its rights would allow the transmission of the said information to the eventual purchaser who would in turn be bound by the same obligation of conservation and modification of the data with respect to the user of the site.\u00a0<a href=\"https:\/\/mesdelicesbrioches.fr\/en\/\">https:\/\/www.mesdelicesbrioches.fr<\/a><\/p><p>The site is not registered with the CNIL as it does not collect personal information.<\/p><p>Databases are protected by the provisions of the law of July 1, 1998, transposing directive 96\/9 of March 11, 1996, on the legal protection of databases.<\/p>\t\t\t\t\t\t\t\t<\/div>\n\t\t\t\t<\/div>\n\t\t\t\t<div class=\"elementor-element elementor-element-6c7be06 elementor-widget elementor-widget-heading\" data-id=\"6c7be06\" data-element_type=\"widget\" data-e-type=\"widget\" data-widget_type=\"heading.default\">\n\t\t\t\t<div class=\"elementor-widget-container\">\n\t\t\t\t\t<h3 class=\"elementor-heading-title elementor-size-default\">ARTICLE 7 - HYPERTEXT LINKS AND COOKIES<\/h3>\t\t\t\t<\/div>\n\t\t\t\t<\/div>\n\t\t\t\t<div class=\"elementor-element elementor-element-2659003 elementor-widget elementor-widget-text-editor\" data-id=\"2659003\" data-element_type=\"widget\" data-e-type=\"widget\" data-widget_type=\"text-editor.default\">\n\t\t\t\t<div class=\"elementor-widget-container\">\n\t\t\t\t\t\t\t\t\t<p>The website\u00a0<a href=\"https:\/\/mesdelicesbrioches.fr\/en\/\">https:\/\/www.mesdelicesbrioches.fr<\/a>\u00a0contains a number of hypertext links to other sites. However, Mes D\u00e9lices Brioch\u00e9s is not in a position to check the content of sites visited in this way, and consequently assumes no responsibility in this respect.<\/p><p>Site navigation\u00a0<a href=\"https:\/\/mesdelicesbrioches.fr\/en\/\">https:\/\/www.mesdelicesbrioches.fr<\/a>\u00a0is likely to cause the installation of cookie(s) on the user's computer. A cookie is a small file which does not allow the user to be identified, but which records information relating to the navigation of a computer on a site. The data obtained in this way is intended to facilitate subsequent browsing of the site, and is also used to measure visitor numbers.<\/p><p>Refusal to install a cookie may make it impossible to access certain services. However, the user may configure his or her computer as follows, to refuse the installation of cookies:<\/p><p><em>Internet Explorer :<\/em>\u00a0tool tab (cog-shaped pictogram at top right) \/ internet options. Click on Privacy and choose Block all cookies. Confirm with Ok.<\/p><p><em>Firefox :<\/em>\u00a0at the top of the browser window, click on the Firefox button, then go to the Options tab. Click on the Privacy tab.<br \/>Set the Retention rules to: use personalized settings for history. Finally, uncheck it to disable cookies.<\/p><p><em>Safari :<\/em>\u00a0In the top right-hand corner of the browser, click on the menu icon (symbolized by a cog). Select Settings. Click on Show advanced settings. In the \"Privacy\" section, click on \"Content settings\". In the \"Cookies\" section, you can block cookies.<\/p><p><em>Chrome :<\/em>\u00a0In the top right-hand corner of the browser, click on the menu icon (symbolized by three horizontal lines). Select Settings. Click on Show advanced settings. In the \"Privacy\" section, click on Preferences. In the \"Privacy\" tab, you can block cookies.<\/p><p>To find out more about our Cookie Policy, please go to\u00a0<a title=\"Politique de Cookies - Mes D\u00e9lices Brioch\u00e9s\" href=\"\/en\/politique-de-confidentialite\/\">click here<\/a>.<\/p>\t\t\t\t\t\t\t\t<\/div>\n\t\t\t\t<\/div>\n\t\t\t\t<div class=\"elementor-element elementor-element-9477bcb elementor-widget elementor-widget-heading\" data-id=\"9477bcb\" data-element_type=\"widget\" data-e-type=\"widget\" data-widget_type=\"heading.default\">\n\t\t\t\t<div class=\"elementor-widget-container\">\n\t\t\t\t\t<h3 class=\"elementor-heading-title elementor-size-default\">ARTICLE 8 - APPLICABLE LAW AND JURISDICTION<\/h3>\t\t\t\t<\/div>\n\t\t\t\t<\/div>\n\t\t\t\t<div class=\"elementor-element elementor-element-cb16a5e elementor-widget elementor-widget-text-editor\" data-id=\"cb16a5e\" data-element_type=\"widget\" data-e-type=\"widget\" data-widget_type=\"text-editor.default\">\n\t\t\t\t<div class=\"elementor-widget-container\">\n\t\t\t\t\t\t\t\t\t<p>Any dispute relating to the use of the site <a href=\"https:\/\/mesdelicesbrioches.fr\/en\/\">https:\/\/www.mesdelicesbrioches.fr<\/a>\u00a0is governed by French law.\u00a0<\/p>\t\t\t\t\t\t\t\t<\/div>\n\t\t\t\t<\/div>\n\t\t\t\t<div class=\"elementor-element elementor-element-5bc169b elementor-widget elementor-widget-heading\" data-id=\"5bc169b\" data-element_type=\"widget\" data-e-type=\"widget\" data-widget_type=\"heading.default\">\n\t\t\t\t<div class=\"elementor-widget-container\">\n\t\t\t\t\t<h3 class=\"elementor-heading-title elementor-size-default\">ARTICLE 9 - THE MAIN LAWS CONCERNED<\/h3>\t\t\t\t<\/div>\n\t\t\t\t<\/div>\n\t\t\t\t<div class=\"elementor-element elementor-element-9af7158 elementor-widget elementor-widget-text-editor\" data-id=\"9af7158\" data-element_type=\"widget\" data-e-type=\"widget\" data-widget_type=\"text-editor.default\">\n\t\t\t\t<div class=\"elementor-widget-container\">\n\t\t\t\t\t\t\t\t\t<p><em>Law no. 78-17 of January 6, 1978<\/em>as amended by the\u00a0<em>law no. 2004-801 of August 6, 2004<\/em>\u00a0relating to information technology, files and civil liberties.<\/p><p><em>Law no. 2004-575 of June 21, 2004<\/em>\u00a0for confidence in the digital economy.<\/p>\t\t\t\t\t\t\t\t<\/div>\n\t\t\t\t<\/div>\n\t\t\t\t<div class=\"elementor-element elementor-element-cc8f323 elementor-widget elementor-widget-heading\" data-id=\"cc8f323\" data-element_type=\"widget\" data-e-type=\"widget\" data-widget_type=\"heading.default\">\n\t\t\t\t<div class=\"elementor-widget-container\">\n\t\t\t\t\t<h3 class=\"elementor-heading-title elementor-size-default\">LEXICON<\/h3>\t\t\t\t<\/div>\n\t\t\t\t<\/div>\n\t\t\t\t<div class=\"elementor-element elementor-element-f3e8184 elementor-widget elementor-widget-text-editor\" data-id=\"f3e8184\" data-element_type=\"widget\" data-e-type=\"widget\" data-widget_type=\"text-editor.default\">\n\t\t\t\t<div class=\"elementor-widget-container\">\n\t\t\t\t\t\t\t\t\t<p><em>Personal information :<\/em>\u00a0\"information which enables, in any form whatsoever, directly or indirectly, the identification of the natural persons to whom it applies\" (article 4 of law no. 78-17 of January 6, 1978).<\/p><p><em>User :<\/em>\u00a0Internet user connecting to and using the above-mentioned site.<\/p>\t\t\t\t\t\t\t\t<\/div>\n\t\t\t\t<\/div>\n\t\t\t\t\t<\/div>\n\t\t\t\t<\/div>\n\t\t\t\t<\/div>","protected":false},"excerpt":{"rendered":"<p>Conform\u00e9ment aux dispositions des Articles 6-III et 19 de la Loi n\u00b02004-575 du 21 Juin 2004 pour la Confiance en l\u2019\u00e9conomie num\u00e9rique, dite L.C.E.N., il est port\u00e9 \u00e0 la connaissance des utilisateurs du site\u00a0https:\/\/www.mesdelicesbrioches.fr\u00a0les pr\u00e9sentes Mentions L\u00e9gales.\u00a0Le site est accessible \u00e0 l\u2019adresse suivante :\u00a0https:\/\/www.mesdelicesbrioches.fr\u00a0et son utilisation est soumise aux pr\u00e9sentes Mentions L\u00e9gales d\u00e9taill\u00e9es ci-apr\u00e8s ainsi [&hellip;]<\/p>\n","protected":false},"author":1,"featured_media":0,"parent":0,"menu_order":0,"comment_status":"closed","ping_status":"closed","template":"template-home.php","meta":{"_acf_changed":false,"content-type":"","footnotes":""},"class_list":["post-15633","page","type-page","status-publish","hentry"],"acf":[],"_links":{"self":[{"href":"https:\/\/mesdelicesbrioches.fr\/en\/wp-json\/wp\/v2\/pages\/15633","targetHints":{"allow":["GET"]}}],"collection":[{"href":"https:\/\/mesdelicesbrioches.fr\/en\/wp-json\/wp\/v2\/pages"}],"about":[{"href":"https:\/\/mesdelicesbrioches.fr\/en\/wp-json\/wp\/v2\/types\/page"}],"author":[{"embeddable":true,"href":"https:\/\/mesdelicesbrioches.fr\/en\/wp-json\/wp\/v2\/users\/1"}],"replies":[{"embeddable":true,"href":"https:\/\/mesdelicesbrioches.fr\/en\/wp-json\/wp\/v2\/comments?post=15633"}],"version-history":[{"count":11,"href":"https:\/\/mesdelicesbrioches.fr\/en\/wp-json\/wp\/v2\/pages\/15633\/revisions"}],"predecessor-version":[{"id":15782,"href":"https:\/\/mesdelicesbrioches.fr\/en\/wp-json\/wp\/v2\/pages\/15633\/revisions\/15782"}],"wp:attachment":[{"href":"https:\/\/mesdelicesbrioches.fr\/en\/wp-json\/wp\/v2\/media?parent=15633"}],"curies":[{"name":"wp","href":"https:\/\/api.w.org\/{rel}","templated":true}]}}