{"id":16019,"date":"2023-07-31T12:01:11","date_gmt":"2023-07-31T10:01:11","guid":{"rendered":"https:\/\/mesdelicesbrioches.fr\/?page_id=16019"},"modified":"2023-08-16T17:03:54","modified_gmt":"2023-08-16T15:03:54","slug":"politique-de-confidentialite","status":"publish","type":"page","link":"https:\/\/mesdelicesbrioches.fr\/en\/politique-de-confidentialite\/","title":{"rendered":"Privacy policy"},"content":{"rendered":"<h2 class=\"wp-block-heading\">Who we are ?<\/h2>\n\n\n\n<p>Our website address is: https:\/\/mesdelicesbrioches.fr.<\/p>\n\n\n\n<h2 class=\"wp-block-heading\">Comments<\/h2>\n\n\n\n<p>When you leave a comment on our site, the data entered in the comment form, as well as your IP address and your browser's user agent, are collected to help us detect undesirable comments.<\/p>\n\n\n\n<h2 class=\"wp-block-heading\">Cookies<\/h2>\n\n\n\n<p>If you leave a comment on our site, you will be asked to save your name, e-mail address and site in cookies. This is only for your convenience, so that you don't have to enter this information if you leave another comment later. These cookies expire after one year.<\/p>\n\n\n\n<p>Please refer to the <a href=\"\/en\/politique-de-cookies\/\">Cookie policy<\/a> pour plus d&#8217;informations.<\/p>\n\n\n\n<h2 class=\"wp-block-heading\">Embedded content from other sites<\/h2>\n\n\n\n<p>Articles on this site may include embedded content (e.g. videos, images, articles, etc.). Embedded content from other sites behaves in the same way as if the visitor were visiting that other site.<\/p>\n\n\n\n<p>These websites may collect data about you, use cookies, embed third-party tracking tools, track your interactions with these embedded contents if you have a logged-in account on their website.<\/p>\n\n\n\n<h2 class=\"wp-block-heading\">Data storage periods<\/h2>\n\n\n\n<p>If you leave a comment, the comment and its metadata are retained indefinitely. This makes it possible to automatically recognize and approve subsequent comments, rather than leaving them in the moderation queue.<\/p>\n\n\n\n<h2 class=\"wp-block-heading\">The rights you have over your data<\/h2>\n\n\n\n<p>If you have an account or if you have left comments on the site, you may request to receive a file containing all the personal data we hold about you, including that which you have provided to us. You can also request the deletion of your personal data. This does not include data stored for administrative, legal or security purposes.<\/p>\n\n\n\n<h2 class=\"wp-block-heading\">Where is your data sent?<\/h2>\n\n\n\n<p>Visitor comments can be checked using an automated spam detection service.<\/p>","protected":false},"excerpt":{"rendered":"<p>Qui sommes-nous&nbsp;? L\u2019adresse de notre site est&nbsp;: https:\/\/mesdelicesbrioches.fr. Commentaires Quand vous laissez un commentaire sur notre site, les donn\u00e9es inscrites dans le formulaire de commentaire, ainsi que votre adresse IP et l\u2019agent utilisateur de votre navigateur sont collect\u00e9s pour nous aider \u00e0 la d\u00e9tection des commentaires ind\u00e9sirables. Cookies Si vous d\u00e9posez un commentaire sur notre [&hellip;]<\/p>\n","protected":false},"author":1,"featured_media":0,"parent":0,"menu_order":0,"comment_status":"closed","ping_status":"closed","template":"","meta":{"_acf_changed":false,"content-type":"","footnotes":""},"class_list":["post-16019","page","type-page","status-publish","hentry"],"acf":[],"_links":{"self":[{"href":"https:\/\/mesdelicesbrioches.fr\/en\/wp-json\/wp\/v2\/pages\/16019","targetHints":{"allow":["GET"]}}],"collection":[{"href":"https:\/\/mesdelicesbrioches.fr\/en\/wp-json\/wp\/v2\/pages"}],"about":[{"href":"https:\/\/mesdelicesbrioches.fr\/en\/wp-json\/wp\/v2\/types\/page"}],"author":[{"embeddable":true,"href":"https:\/\/mesdelicesbrioches.fr\/en\/wp-json\/wp\/v2\/users\/1"}],"replies":[{"embeddable":true,"href":"https:\/\/mesdelicesbrioches.fr\/en\/wp-json\/wp\/v2\/comments?post=16019"}],"version-history":[{"count":2,"href":"https:\/\/mesdelicesbrioches.fr\/en\/wp-json\/wp\/v2\/pages\/16019\/revisions"}],"predecessor-version":[{"id":16028,"href":"https:\/\/mesdelicesbrioches.fr\/en\/wp-json\/wp\/v2\/pages\/16019\/revisions\/16028"}],"wp:attachment":[{"href":"https:\/\/mesdelicesbrioches.fr\/en\/wp-json\/wp\/v2\/media?parent=16019"}],"curies":[{"name":"wp","href":"https:\/\/api.w.org\/{rel}","templated":true}]}}