{"id":14255,"date":"2023-04-19T13:02:15","date_gmt":"2023-04-19T11:02:15","guid":{"rendered":"https:\/\/dev.mesdelicesbrioches.fr\/?post_type=product&#038;p=14255"},"modified":"2026-03-13T16:14:26","modified_gmt":"2026-03-13T15:14:26","slug":"pogne-de-romans","status":"publish","type":"product","link":"https:\/\/mesdelicesbrioches.fr\/en\/nos-gourmandises\/pogne-de-romans\/","title":{"rendered":"Pogne de Romans"},"content":{"rendered":"<p style=\"font-weight: 400;\">A typical brioche from south-east France, the Pogne is the pride and joy of the town of Romans-sur-Is\u00e8re.<\/p>\n<p style=\"font-weight: 400;\">The history of this brioche delicacy, with its sweet scent of orange blossom, takes us back to the Middle Ages, when it was made at the end of Lent for Easter. It is said that at this time of year, with the arrival of spring, the hens began to lay eggs again, and that the eggs that believers had been deprived of during the fasting period were naturally used in the recipe.<\/p>\n<p style=\"font-weight: 400;\">Eggs, flour... To make our Pogne de Romans, we use high-quality ingredients that are produced locally, as much as possible.<\/p>\n<p style=\"font-weight: 400;\">And because at Mes D\u00e9lices Brioch\u00e9s we're big gourmets, we also offer our chocolate chip pogne. So good!<\/p>","protected":false},"excerpt":{"rendered":"<p>Une belle brioche au levain, typiquement Dr\u00f4moise, \u00e0 la mie onctueuse, douce et savoureuse, parfum\u00e9e \u00e0 la fleur d&#8217;oranger<\/p>","protected":false},"featured_media":15985,"comment_status":"open","ping_status":"closed","template":"","meta":{"_acf_changed":false,"content-type":""},"product_brand":[],"product_cat":[45],"product_tag":[],"class_list":{"0":"post-14255","1":"product","2":"type-product","3":"status-publish","4":"has-post-thumbnail","6":"product_cat-brioches","8":"first","9":"instock","10":"shipping-taxable","11":"product-type-simple"},"acf":[],"_links":{"self":[{"href":"https:\/\/mesdelicesbrioches.fr\/en\/wp-json\/wp\/v2\/product\/14255","targetHints":{"allow":["GET"]}}],"collection":[{"href":"https:\/\/mesdelicesbrioches.fr\/en\/wp-json\/wp\/v2\/product"}],"about":[{"href":"https:\/\/mesdelicesbrioches.fr\/en\/wp-json\/wp\/v2\/types\/product"}],"replies":[{"embeddable":true,"href":"https:\/\/mesdelicesbrioches.fr\/en\/wp-json\/wp\/v2\/comments?post=14255"}],"wp:featuredmedia":[{"embeddable":true,"href":"https:\/\/mesdelicesbrioches.fr\/en\/wp-json\/wp\/v2\/media\/15985"}],"wp:attachment":[{"href":"https:\/\/mesdelicesbrioches.fr\/en\/wp-json\/wp\/v2\/media?parent=14255"}],"wp:term":[{"taxonomy":"product_brand","embeddable":true,"href":"https:\/\/mesdelicesbrioches.fr\/en\/wp-json\/wp\/v2\/product_brand?post=14255"},{"taxonomy":"product_cat","embeddable":true,"href":"https:\/\/mesdelicesbrioches.fr\/en\/wp-json\/wp\/v2\/product_cat?post=14255"},{"taxonomy":"product_tag","embeddable":true,"href":"https:\/\/mesdelicesbrioches.fr\/en\/wp-json\/wp\/v2\/product_tag?post=14255"}],"curies":[{"name":"wp","href":"https:\/\/api.w.org\/{rel}","templated":true}]}}