{"id":14261,"date":"2023-04-19T14:29:19","date_gmt":"2023-04-19T12:29:19","guid":{"rendered":"https:\/\/dev.mesdelicesbrioches.fr\/?post_type=product&#038;p=14261"},"modified":"2026-03-03T10:36:13","modified_gmt":"2026-03-03T09:36:13","slug":"saint-genix","status":"publish","type":"product","link":"https:\/\/mesdelicesbrioches.fr\/en\/nos-gourmandises\/saint-genix\/","title":{"rendered":"Saint-Genix"},"content":{"rendered":"<p lang=\"FR-FR\">Let's pay tribute to the Savoie region, which is the birthplace of the Saint-Genix! It was in Saint-Genis-sur-Guiers that around 1880 this delicious round brioche filled with pink pralines was created. Over time, and in keeping with local traditions, the recipe has evolved, and the Dauphinoise version has added a sweet orange blossom flavour to the basic recipe.<\/p>\n<div>R\u00e9gal pour les yeux avec sa couleur rose vif et d\u00e9lices pour les papilles, le Saint\u00a0Genix\u00a0d\u00e9voile au go\u00fbt une belle harmonie entre la douceur moelleuse de la p\u00e2te brioch\u00e9e, le parfum ensoleill\u00e9 de la fleur d&#8217;oranger et le croquant des pralines aux amandes torr\u00e9fi\u00e9es \u00e0\u00a0Valence dans la Dr\u00f4me.<\/div>","protected":false},"excerpt":{"rendered":"<p>A pogne pastry generously filled with beautiful pink pralines that are both runny and crunchy.<\/p>","protected":false},"featured_media":15975,"comment_status":"open","ping_status":"closed","template":"","meta":{"_acf_changed":false,"content-type":""},"product_brand":[],"product_cat":[45],"product_tag":[],"class_list":{"0":"post-14261","1":"product","2":"type-product","3":"status-publish","4":"has-post-thumbnail","6":"product_cat-brioches","8":"first","9":"instock","10":"shipping-taxable","11":"product-type-simple"},"acf":[],"_links":{"self":[{"href":"https:\/\/mesdelicesbrioches.fr\/en\/wp-json\/wp\/v2\/product\/14261","targetHints":{"allow":["GET"]}}],"collection":[{"href":"https:\/\/mesdelicesbrioches.fr\/en\/wp-json\/wp\/v2\/product"}],"about":[{"href":"https:\/\/mesdelicesbrioches.fr\/en\/wp-json\/wp\/v2\/types\/product"}],"replies":[{"embeddable":true,"href":"https:\/\/mesdelicesbrioches.fr\/en\/wp-json\/wp\/v2\/comments?post=14261"}],"wp:featuredmedia":[{"embeddable":true,"href":"https:\/\/mesdelicesbrioches.fr\/en\/wp-json\/wp\/v2\/media\/15975"}],"wp:attachment":[{"href":"https:\/\/mesdelicesbrioches.fr\/en\/wp-json\/wp\/v2\/media?parent=14261"}],"wp:term":[{"taxonomy":"product_brand","embeddable":true,"href":"https:\/\/mesdelicesbrioches.fr\/en\/wp-json\/wp\/v2\/product_brand?post=14261"},{"taxonomy":"product_cat","embeddable":true,"href":"https:\/\/mesdelicesbrioches.fr\/en\/wp-json\/wp\/v2\/product_cat?post=14261"},{"taxonomy":"product_tag","embeddable":true,"href":"https:\/\/mesdelicesbrioches.fr\/en\/wp-json\/wp\/v2\/product_tag?post=14261"}],"curies":[{"name":"wp","href":"https:\/\/api.w.org\/{rel}","templated":true}]}}