{"id":14371,"date":"2023-04-19T20:10:46","date_gmt":"2023-04-19T18:10:46","guid":{"rendered":"https:\/\/dev.mesdelicesbrioches.fr\/?post_type=product&#038;p=14371"},"modified":"2023-07-06T17:22:16","modified_gmt":"2023-07-06T15:22:16","slug":"notre-gamme-bio","status":"publish","type":"product","link":"https:\/\/mesdelicesbrioches.fr\/en\/nos-gourmandises\/notre-gamme-bio\/","title":{"rendered":"Organic offer"},"content":{"rendered":"","protected":false},"excerpt":{"rendered":"<p>Discover our organic pastries, an exquisite selection of traditional delicacies prepared with produces from <strong>certified organic farms.<\/strong>.<\/p>\n<p>Immerse yourself in the authenticity of the <strong>Pogne de Romans<\/strong>, delight in the delicious <strong>Suisses de Valence<\/strong>, savour the finesse of the <strong>Nanterre<\/strong> and treat yourself.<\/p>\n<p>Tous nos produits sont confectionn\u00e9s avec des ingr\u00e9dients bio rigoureusement s\u00e9lectionn\u00e9s pour vous offrir une exp\u00e9rience gustative exceptionnelle. Laissez-vous transporter par les saveurs uniques de notre gamme bio, o\u00f9 tradition, qualit\u00e9 et respect de l&#8217;environnement se rencontrent pour votre plus grand plaisir.<\/p>","protected":false},"featured_media":14955,"comment_status":"open","ping_status":"closed","template":"","meta":{"_acf_changed":false,"content-type":""},"product_brand":[],"product_cat":[44],"product_tag":[],"class_list":{"0":"post-14371","1":"product","2":"type-product","3":"status-publish","4":"has-post-thumbnail","6":"product_cat-gamme-bio","8":"first","9":"instock","10":"shipping-taxable","11":"product-type-simple"},"acf":[],"_links":{"self":[{"href":"https:\/\/mesdelicesbrioches.fr\/en\/wp-json\/wp\/v2\/product\/14371","targetHints":{"allow":["GET"]}}],"collection":[{"href":"https:\/\/mesdelicesbrioches.fr\/en\/wp-json\/wp\/v2\/product"}],"about":[{"href":"https:\/\/mesdelicesbrioches.fr\/en\/wp-json\/wp\/v2\/types\/product"}],"replies":[{"embeddable":true,"href":"https:\/\/mesdelicesbrioches.fr\/en\/wp-json\/wp\/v2\/comments?post=14371"}],"wp:featuredmedia":[{"embeddable":true,"href":"https:\/\/mesdelicesbrioches.fr\/en\/wp-json\/wp\/v2\/media\/14955"}],"wp:attachment":[{"href":"https:\/\/mesdelicesbrioches.fr\/en\/wp-json\/wp\/v2\/media?parent=14371"}],"wp:term":[{"taxonomy":"product_brand","embeddable":true,"href":"https:\/\/mesdelicesbrioches.fr\/en\/wp-json\/wp\/v2\/product_brand?post=14371"},{"taxonomy":"product_cat","embeddable":true,"href":"https:\/\/mesdelicesbrioches.fr\/en\/wp-json\/wp\/v2\/product_cat?post=14371"},{"taxonomy":"product_tag","embeddable":true,"href":"https:\/\/mesdelicesbrioches.fr\/en\/wp-json\/wp\/v2\/product_tag?post=14371"}],"curies":[{"name":"wp","href":"https:\/\/api.w.org\/{rel}","templated":true}]}}